{"id":1778,"date":"2023-03-13T11:14:41","date_gmt":"2023-03-13T11:14:41","guid":{"rendered":"https:\/\/clinecenters.org\/servicios\/ecografias\/"},"modified":"2025-11-25T11:36:42","modified_gmt":"2025-11-25T11:36:42","slug":"ecografias","status":"publish","type":"page","link":"https:\/\/clinecenters.org\/es\/servicios\/ecografias\/","title":{"rendered":"Ecograf\u00edas"},"content":{"rendered":"\n<h2 class=\"wp-block-heading\">Consigue la informaci\u00f3n que necesitas<\/h2>\n\n<p>Una prueba de embarazo positiva es un primer paso esencial, pero no te dice todo lo que necesitas. Para proteger tu salud y tomar una decisi\u00f3n informada sobre tu embarazo, es esencial confirmar los detalles clave mediante una ecograf\u00eda. <\/p>\n\n<p>En el Centro Cline realizamos ecograf\u00edas gratuitas y confidenciales a las clientas que cumplen los requisitos. Cada ecograf\u00eda es realizada por una de nuestras enfermeras o ecografistas tituladas en un entorno seguro y privado, donde tu comodidad es lo primero. <\/p>\n\n<h2 class=\"wp-block-heading\">Por qu\u00e9 es importante una ecograf\u00eda<\/h2>\n\n<p>Las pruebas de embarazo detectan la hormona hCG, pero no pueden verificar detalles m\u00e9dicos cr\u00edticos. Una ecograf\u00eda utiliza ondas sonoras para crear una imagen de tu \u00fatero y del embarazo en desarrollo. Esta exploraci\u00f3n proporciona informaci\u00f3n crucial, como  <\/p>\n\n<ul class=\"wp-block-list\">\n<li><strong>Viabilidad:<\/strong> \u00bfEst\u00e1 progresando el embarazo y hay un latido detectable? Puesto que <a href=\"https:\/\/www.ncbi.nlm.nih.gov\/books\/NBK532992\/#:~:text=It%20is%20estimated%20that%20as%20many%20as%C2%A026%25%20of%20all%20pregnancies%20end%20in%20miscarriage%20and%20up%20to%2010%25%20of%20clinically%20recognized%20pregnancies.\" target=\"_blank\" rel=\"noreferrer noopener external\" data-wpel-link=\"external\">los abortos espont\u00e1neos<\/a> son frecuentes al principio del embarazo, saber si tu embarazo es viable te ayuda a comprender los pasos siguientes. <\/li>\n\n\n\n<li><strong>Edad gestacional:<\/strong> \u00bfDe cu\u00e1nto est\u00e1s? Los m\u00e9todos abortivos y su disponibilidad dependen de la edad gestacional. Por ejemplo, la p\u00edldora abortiva est\u00e1 <a href=\"https:\/\/www.fda.gov\/drugs\/postmarket-drug-safety-information-patients-and-providers\/information-about-mifepristone-medical-termination-pregnancy-through-ten-weeks-gestation\" target=\"_blank\" rel=\"noreferrer noopener external\" data-wpel-link=\"external\">aprobada por la FDA<\/a> hasta las 10 semanas de embarazo.  <\/li>\n\n\n\n<li><strong>Localizaci\u00f3n:<\/strong> \u00bfEl embarazo est\u00e1 dentro del \u00fatero? Un <a href=\"https:\/\/www.mayoclinic.org\/diseases-conditions\/ectopic-pregnancy\/symptoms-causes\/syc-20372088#:~:text=Pregnancy%20begins%20with,if%20left%20untreated.\" target=\"_blank\" rel=\"noreferrer noopener external\" data-wpel-link=\"external\">embarazo ect\u00f3pico<\/a>, cuando un embarazo se desarrolla fuera del \u00fatero, es poco frecuente, pero puede causar complicaciones potencialmente mortales y requiere tratamiento m\u00e9dico inmediato. <\/li>\n<\/ul>\n\n<h2 class=\"wp-block-heading\">Qu\u00e9 esperar durante la exploraci\u00f3n<\/h2>\n\n<p>En el Centro Cline, nuestras ecograf\u00edas se realizan por v\u00eda transvaginal o abdominal, dependiendo de lo avanzada que est\u00e9s y de lo que proporcione la informaci\u00f3n m\u00e9dica m\u00e1s clara. Nuestras enfermeras y ecografistas te guiar\u00e1n paso a paso, te explicar\u00e1n lo que est\u00e1s viendo y responder\u00e1n a tus preguntas a lo largo del proceso. <\/p>\n\n<p>Entendemos que esto puede parecer abrumador. Despu\u00e9s de la exploraci\u00f3n, puedes reunirte con un defensor para hablar de tu situaci\u00f3n y explorar tus <a href=\"https:\/\/clinecenters.org\/es\/servicios\/consulta-privada-sobre-el-aborto\/\" type=\"page\" id=\"25\" data-wpel-link=\"internal\">opciones<\/a>, incluidos los riesgos y efectos secundarios del aborto, en un entorno confidencial. <\/p>\n\n<h2 class=\"wp-block-heading\">Tu siguiente paso<\/h2>\n\n<p>Una ecograf\u00eda proporciona una claridad que una prueba de embarazo por s\u00ed sola no puede. Al verificar la edad gestacional, la viabilidad y la localizaci\u00f3n, tendr\u00e1s los detalles que necesitas antes de tomar una decisi\u00f3n sobre tu embarazo. <\/p>\n\n<p><a href=\"https:\/\/clinecenters.org\/es\/ponte-en-contacto-con\/\" data-wpel-link=\"internal\">Programa<\/a> hoy mismo una cita para la prueba inicial de embarazo en el Centro Cline para empezar.<\/p>\n\n<p><\/p>\n\n<p><\/p>\n","protected":false},"excerpt":{"rendered":"<p>Verifica los detalles cr\u00edticos del embarazo y obt\u00e9n la informaci\u00f3n que necesitas con una ecograf\u00eda.  <\/p>\n","protected":false},"author":1,"featured_media":2038,"parent":1769,"menu_order":2,"comment_status":"closed","ping_status":"closed","template":"","meta":{"_acf_changed":false,"footnotes":""},"class_list":["post-1778","page","type-page","status-publish","has-post-thumbnail","hentry"],"acf":[],"yoast_head":"<!-- This site is optimized with the Yoast SEO plugin v27.4 - https:\/\/yoast.com\/product\/yoast-seo-wordpress\/ -->\n<title>Ecograf\u00edas | The Cline Center | Jackson, MS<\/title>\n<meta name=\"description\" content=\"Read more about Ecograf\u00edas on this page. The Cline Center offers free pregnancy services, consultations, and resources to explore all your options. Contact us now.\" \/>\n<meta name=\"robots\" content=\"index, follow, max-snippet:-1, max-image-preview:large, max-video-preview:-1\" \/>\n<link rel=\"canonical\" href=\"https:\/\/clinecenters.org\/es\/servicios\/ecografias\/\" \/>\n<meta property=\"og:locale\" content=\"es_ES\" \/>\n<meta property=\"og:type\" content=\"article\" \/>\n<meta property=\"og:title\" content=\"Ecograf\u00edas | The Cline Center | Jackson, MS\" \/>\n<meta property=\"og:description\" content=\"Read more about Ecograf\u00edas on this page. The Cline Center offers free pregnancy services, consultations, and resources to explore all your options. Contact us now.\" \/>\n<meta property=\"og:url\" content=\"https:\/\/clinecenters.org\/es\/servicios\/ecografias\/\" \/>\n<meta property=\"og:site_name\" content=\"The Cline Center\" \/>\n<meta property=\"article:modified_time\" content=\"2025-11-25T11:36:42+00:00\" \/>\n<meta property=\"og:image\" content=\"https:\/\/clinecenters.org\/wp-content\/uploads\/2025\/11\/Modern_Medical_Ultrasonography_Control_P_original_2855579.jpg\" \/>\n\t<meta property=\"og:image:width\" content=\"2560\" \/>\n\t<meta property=\"og:image:height\" content=\"1707\" \/>\n\t<meta property=\"og:image:type\" content=\"image\/jpeg\" \/>\n<meta name=\"twitter:card\" content=\"summary_large_image\" \/>\n<meta name=\"twitter:label1\" content=\"Tiempo de lectura\" \/>\n\t<meta name=\"twitter:data1\" content=\"2 minutos\" \/>\n<!-- \/ Yoast SEO plugin. -->","yoast_head_json":{"title":"Ecograf\u00edas | The Cline Center | Jackson, MS","description":"Read more about Ecograf\u00edas on this page. The Cline Center offers free pregnancy services, consultations, and resources to explore all your options. Contact us now.","robots":{"index":"index","follow":"follow","max-snippet":"max-snippet:-1","max-image-preview":"max-image-preview:large","max-video-preview":"max-video-preview:-1"},"canonical":"https:\/\/clinecenters.org\/es\/servicios\/ecografias\/","og_locale":"es_ES","og_type":"article","og_title":"Ecograf\u00edas | The Cline Center | Jackson, MS","og_description":"Read more about Ecograf\u00edas on this page. The Cline Center offers free pregnancy services, consultations, and resources to explore all your options. Contact us now.","og_url":"https:\/\/clinecenters.org\/es\/servicios\/ecografias\/","og_site_name":"The Cline Center","article_modified_time":"2025-11-25T11:36:42+00:00","og_image":[{"width":2560,"height":1707,"url":"https:\/\/clinecenters.org\/wp-content\/uploads\/2025\/11\/Modern_Medical_Ultrasonography_Control_P_original_2855579.jpg","type":"image\/jpeg"}],"twitter_card":"summary_large_image","twitter_misc":{"Tiempo de lectura":"2 minutos"},"schema":{"@context":"https:\/\/schema.org","@graph":[{"@type":"WebPage","@id":"https:\/\/clinecenters.org\/es\/servicios\/ecografias\/","url":"https:\/\/clinecenters.org\/es\/servicios\/ecografias\/","name":"Ecograf\u00edas | The Cline Center | Jackson, MS","isPartOf":{"@id":"https:\/\/clinecenters.org\/es\/#website"},"primaryImageOfPage":{"@id":"https:\/\/clinecenters.org\/es\/servicios\/ecografias\/#primaryimage"},"image":{"@id":"https:\/\/clinecenters.org\/es\/servicios\/ecografias\/#primaryimage"},"thumbnailUrl":"https:\/\/clinecenters.org\/wp-content\/uploads\/2025\/11\/Modern_Medical_Ultrasonography_Control_P_original_2855579.jpg","datePublished":"2023-03-13T11:14:41+00:00","dateModified":"2025-11-25T11:36:42+00:00","description":"Read more about Ecograf\u00edas on this page. The Cline Center offers free pregnancy services, consultations, and resources to explore all your options. Contact us now.","breadcrumb":{"@id":"https:\/\/clinecenters.org\/es\/servicios\/ecografias\/#breadcrumb"},"inLanguage":"es","potentialAction":[{"@type":"ReadAction","target":["https:\/\/clinecenters.org\/es\/servicios\/ecografias\/"]}]},{"@type":"ImageObject","inLanguage":"es","@id":"https:\/\/clinecenters.org\/es\/servicios\/ecografias\/#primaryimage","url":"https:\/\/clinecenters.org\/wp-content\/uploads\/2025\/11\/Modern_Medical_Ultrasonography_Control_P_original_2855579.jpg","contentUrl":"https:\/\/clinecenters.org\/wp-content\/uploads\/2025\/11\/Modern_Medical_Ultrasonography_Control_P_original_2855579.jpg","width":2560,"height":1707},{"@type":"BreadcrumbList","@id":"https:\/\/clinecenters.org\/es\/servicios\/ecografias\/#breadcrumb","itemListElement":[{"@type":"ListItem","position":1,"name":"Home","item":"https:\/\/clinecenters.org\/es\/inicio\/"},{"@type":"ListItem","position":2,"name":"Servicios","item":"https:\/\/clinecenters.org\/es\/servicios\/"},{"@type":"ListItem","position":3,"name":"Ecograf\u00edas"}]},{"@type":"WebSite","@id":"https:\/\/clinecenters.org\/es\/#website","url":"https:\/\/clinecenters.org\/es\/","name":"The Cline Center","description":"","potentialAction":[{"@type":"SearchAction","target":{"@type":"EntryPoint","urlTemplate":"https:\/\/clinecenters.org\/es\/?s={search_term_string}"},"query-input":{"@type":"PropertyValueSpecification","valueRequired":true,"valueName":"search_term_string"}}],"inLanguage":"es"}]}},"_links":{"self":[{"href":"https:\/\/clinecenters.org\/es\/wp-json\/wp\/v2\/pages\/1778","targetHints":{"allow":["GET"]}}],"collection":[{"href":"https:\/\/clinecenters.org\/es\/wp-json\/wp\/v2\/pages"}],"about":[{"href":"https:\/\/clinecenters.org\/es\/wp-json\/wp\/v2\/types\/page"}],"author":[{"embeddable":true,"href":"https:\/\/clinecenters.org\/es\/wp-json\/wp\/v2\/users\/1"}],"replies":[{"embeddable":true,"href":"https:\/\/clinecenters.org\/es\/wp-json\/wp\/v2\/comments?post=1778"}],"version-history":[{"count":4,"href":"https:\/\/clinecenters.org\/es\/wp-json\/wp\/v2\/pages\/1778\/revisions"}],"predecessor-version":[{"id":2138,"href":"https:\/\/clinecenters.org\/es\/wp-json\/wp\/v2\/pages\/1778\/revisions\/2138"}],"up":[{"embeddable":true,"href":"https:\/\/clinecenters.org\/es\/wp-json\/wp\/v2\/pages\/1769"}],"wp:featuredmedia":[{"embeddable":true,"href":"https:\/\/clinecenters.org\/es\/wp-json\/wp\/v2\/media\/2038"}],"wp:attachment":[{"href":"https:\/\/clinecenters.org\/es\/wp-json\/wp\/v2\/media?parent=1778"}],"curies":[{"name":"wp","href":"https:\/\/api.w.org\/{rel}","templated":true}]}}