{"id":1803,"date":"2023-03-13T11:14:59","date_gmt":"2023-03-13T11:14:59","guid":{"rendered":"https:\/\/clinecenters.org\/servicios\/consulta-privada-sobre-el-aborto\/"},"modified":"2025-11-23T18:13:26","modified_gmt":"2025-11-23T18:13:26","slug":"consulta-privada-sobre-el-aborto","status":"publish","type":"page","link":"https:\/\/clinecenters.org\/es\/servicios\/consulta-privada-sobre-el-aborto\/","title":{"rendered":"Consulta privada sobre el aborto"},"content":{"rendered":"\n<p>Cuando te enfrentas a preguntas sobre tu embarazo y tu salud, puede resultar dif\u00edcil saber a qui\u00e9n acudir. Tal vez est\u00e9s considerando la posibilidad de abortar, te preocupe el fracaso de un m\u00e9todo anticonceptivo o simplemente no est\u00e9s segura de los s\u00edntomas que experimentas.   <\/p>\n\n<p>En el Centro Cline, ofrecemos consultas privadas sobre el aborto dise\u00f1adas para proporcionarte un lugar seguro donde hacer preguntas, hablar abiertamente y recibir informaci\u00f3n precisa en la que puedas confiar.<\/p>\n\n<h2 class=\"wp-block-heading\">Espacio para hablar de lo que te preocupa<\/h2>\n\n<p>No tienes por qu\u00e9 afrontar sola tus preocupaciones. Durante tu consulta privada, te reunir\u00e1s con un profesional m\u00e9dico formado que te escuchar\u00e1 y responder\u00e1 a tus preguntas. <\/p>\n\n<p>Puedes acudir a nosotros con muchas preguntas. \u00c9stos son algunos de los temas que podemos tratar: <\/p>\n\n<ul class=\"wp-block-list\">\n<li><strong>El aborto:<\/strong> Comprender qu\u00e9 opciones existen, las diferencias entre los procedimientos y qu\u00e9 factores, como la edad gestacional, influyen en tu decisi\u00f3n.<\/li>\n\n\n\n<li><strong>Anticoncepci\u00f3n fallida:<\/strong> Si te han fallado los anticonceptivos o te preocupa un embarazo tras mantener relaciones sexuales sin protecci\u00f3n, te ayudaremos a evaluar tu situaci\u00f3n y los pasos a seguir.<\/li>\n\n\n\n<li><strong>ETS y salud sexual:<\/strong> A muchas mujeres les preocupan las infecciones o la exposici\u00f3n a ellas. Te proporcionaremos informaci\u00f3n y te pondremos en contacto con los recursos adecuados si necesitas pruebas o tratamiento. <\/li>\n\n\n\n<li><strong>Salud Reproductiva General:<\/strong> Las preguntas sobre ciclos, fertilidad o cambios en tu cuerpo son bienvenidas. Nada es demasiado peque\u00f1o para plantearlo. <\/li>\n<\/ul>\n\n<h2 class=\"wp-block-heading\">Qu\u00e9 esperar durante una consulta<\/h2>\n\n<p>Nuestras consultas son totalmente privadas y gratuitas. Podr\u00e1s   <\/p>\n\n<ul class=\"wp-block-list\">\n<li>Comparte abiertamente tus preocupaciones sin miedo a ser juzgado o presionado<\/li>\n\n\n\n<li>Haz preguntas sobre tu salud, embarazo u opciones<\/li>\n\n\n\n<li>Recibir informaci\u00f3n m\u00e9dicamente precisa  <\/li>\n\n\n\n<li>Ponte en contacto con servicios de seguimiento como pruebas de embarazo, ecograf\u00edas o recursos comunitarios<\/li>\n<\/ul>\n\n<p>Nuestro objetivo es proporcionarte el apoyo y la informaci\u00f3n que mereces.  <\/p>\n\n<h2 class=\"wp-block-heading\">Tu privacidad importa<\/h2>\n\n<p>Sabemos lo personales que pueden ser estas conversaciones. En el Centro Cline, tu intimidad est\u00e1 siempre protegida.   <\/p>\n\n<p>Puedes estar tranquilo sabiendo que todo lo que compartes queda entre t\u00fa y nuestros profesionales m\u00e9dicos.<\/p>\n\n<h2 class=\"wp-block-heading\">Da tu siguiente paso con confianza<\/h2>\n\n<p>Sean cuales sean las preguntas o preocupaciones que tengas, no tienes por qu\u00e9 guard\u00e1rtelas para ti. Nuestras consultas privadas sobre el aborto te permiten obtener las respuestas precisas que necesitas. <\/p>\n\n<p><a href=\"https:\/\/clinecenters.org\/es\/ponte-en-contacto-con\/\" data-wpel-link=\"internal\">Programa<\/a> hoy mismo tu cita gratuita en el Centro Cline.<\/p>\n\n<p><\/p>\n","protected":false},"excerpt":{"rendered":"<p>Obt\u00e9n respuesta a tus preguntas sobre salud reproductiva, embarazo y mucho m\u00e1s.<\/p>\n","protected":false},"author":1,"featured_media":2066,"parent":1769,"menu_order":3,"comment_status":"closed","ping_status":"closed","template":"","meta":{"_acf_changed":false,"footnotes":""},"class_list":["post-1803","page","type-page","status-publish","has-post-thumbnail","hentry"],"acf":[],"yoast_head":"<!-- This site is optimized with the Yoast SEO plugin v27.4 - https:\/\/yoast.com\/product\/yoast-seo-wordpress\/ -->\n<title>The Cline Center | Consulta sobre el aborto Jackson MS<\/title>\n<meta name=\"description\" content=\"Consulta privada, confidencial y gratuita sobre el aborto para preguntas sobre el embarazo, opciones, fallo de la anticoncepci\u00f3n y salud sexual en The Cline Center.\" \/>\n<meta name=\"robots\" content=\"index, follow, max-snippet:-1, max-image-preview:large, max-video-preview:-1\" \/>\n<link rel=\"canonical\" href=\"https:\/\/clinecenters.org\/es\/servicios\/consulta-privada-sobre-el-aborto\/\" \/>\n<meta property=\"og:locale\" content=\"es_ES\" \/>\n<meta property=\"og:type\" content=\"article\" \/>\n<meta property=\"og:title\" content=\"The Cline Center | Consulta sobre el aborto Jackson MS\" \/>\n<meta property=\"og:description\" content=\"Consulta privada, confidencial y gratuita sobre el aborto para preguntas sobre el embarazo, opciones, fallo de la anticoncepci\u00f3n y salud sexual en The Cline Center.\" \/>\n<meta property=\"og:url\" content=\"https:\/\/clinecenters.org\/es\/servicios\/consulta-privada-sobre-el-aborto\/\" \/>\n<meta property=\"og:site_name\" content=\"The Cline Center\" \/>\n<meta property=\"article:modified_time\" content=\"2025-11-23T18:13:26+00:00\" \/>\n<meta property=\"og:image\" content=\"https:\/\/clinecenters.org\/wp-content\/uploads\/2025\/09\/shutterstock_2463473881-1.jpg\" \/>\n\t<meta property=\"og:image:width\" content=\"1920\" \/>\n\t<meta property=\"og:image:height\" content=\"908\" \/>\n\t<meta property=\"og:image:type\" content=\"image\/jpeg\" \/>\n<meta name=\"twitter:card\" content=\"summary_large_image\" \/>\n<meta name=\"twitter:label1\" content=\"Tiempo de lectura\" \/>\n\t<meta name=\"twitter:data1\" content=\"2 minutos\" \/>\n<!-- \/ Yoast SEO plugin. -->","yoast_head_json":{"title":"The Cline Center | Consulta sobre el aborto Jackson MS","description":"Consulta privada, confidencial y gratuita sobre el aborto para preguntas sobre el embarazo, opciones, fallo de la anticoncepci\u00f3n y salud sexual en The Cline Center.","robots":{"index":"index","follow":"follow","max-snippet":"max-snippet:-1","max-image-preview":"max-image-preview:large","max-video-preview":"max-video-preview:-1"},"canonical":"https:\/\/clinecenters.org\/es\/servicios\/consulta-privada-sobre-el-aborto\/","og_locale":"es_ES","og_type":"article","og_title":"The Cline Center | Consulta sobre el aborto Jackson MS","og_description":"Consulta privada, confidencial y gratuita sobre el aborto para preguntas sobre el embarazo, opciones, fallo de la anticoncepci\u00f3n y salud sexual en The Cline Center.","og_url":"https:\/\/clinecenters.org\/es\/servicios\/consulta-privada-sobre-el-aborto\/","og_site_name":"The Cline Center","article_modified_time":"2025-11-23T18:13:26+00:00","og_image":[{"width":1920,"height":908,"url":"https:\/\/clinecenters.org\/wp-content\/uploads\/2025\/09\/shutterstock_2463473881-1.jpg","type":"image\/jpeg"}],"twitter_card":"summary_large_image","twitter_misc":{"Tiempo de lectura":"2 minutos"},"schema":{"@context":"https:\/\/schema.org","@graph":[{"@type":"WebPage","@id":"https:\/\/clinecenters.org\/es\/servicios\/consulta-privada-sobre-el-aborto\/","url":"https:\/\/clinecenters.org\/es\/servicios\/consulta-privada-sobre-el-aborto\/","name":"The Cline Center | Consulta sobre el aborto Jackson MS","isPartOf":{"@id":"https:\/\/clinecenters.org\/es\/#website"},"primaryImageOfPage":{"@id":"https:\/\/clinecenters.org\/es\/servicios\/consulta-privada-sobre-el-aborto\/#primaryimage"},"image":{"@id":"https:\/\/clinecenters.org\/es\/servicios\/consulta-privada-sobre-el-aborto\/#primaryimage"},"thumbnailUrl":"https:\/\/clinecenters.org\/wp-content\/uploads\/2025\/09\/shutterstock_2463473881-1.jpg","datePublished":"2023-03-13T11:14:59+00:00","dateModified":"2025-11-23T18:13:26+00:00","description":"Consulta privada, confidencial y gratuita sobre el aborto para preguntas sobre el embarazo, opciones, fallo de la anticoncepci\u00f3n y salud sexual en The Cline Center.","breadcrumb":{"@id":"https:\/\/clinecenters.org\/es\/servicios\/consulta-privada-sobre-el-aborto\/#breadcrumb"},"inLanguage":"es","potentialAction":[{"@type":"ReadAction","target":["https:\/\/clinecenters.org\/es\/servicios\/consulta-privada-sobre-el-aborto\/"]}]},{"@type":"ImageObject","inLanguage":"es","@id":"https:\/\/clinecenters.org\/es\/servicios\/consulta-privada-sobre-el-aborto\/#primaryimage","url":"https:\/\/clinecenters.org\/wp-content\/uploads\/2025\/09\/shutterstock_2463473881-1.jpg","contentUrl":"https:\/\/clinecenters.org\/wp-content\/uploads\/2025\/09\/shutterstock_2463473881-1.jpg","width":1920,"height":908},{"@type":"BreadcrumbList","@id":"https:\/\/clinecenters.org\/es\/servicios\/consulta-privada-sobre-el-aborto\/#breadcrumb","itemListElement":[{"@type":"ListItem","position":1,"name":"Home","item":"https:\/\/clinecenters.org\/es\/inicio\/"},{"@type":"ListItem","position":2,"name":"Servicios","item":"https:\/\/clinecenters.org\/es\/servicios\/"},{"@type":"ListItem","position":3,"name":"Consulta privada sobre el aborto"}]},{"@type":"WebSite","@id":"https:\/\/clinecenters.org\/es\/#website","url":"https:\/\/clinecenters.org\/es\/","name":"The Cline Center","description":"","potentialAction":[{"@type":"SearchAction","target":{"@type":"EntryPoint","urlTemplate":"https:\/\/clinecenters.org\/es\/?s={search_term_string}"},"query-input":{"@type":"PropertyValueSpecification","valueRequired":true,"valueName":"search_term_string"}}],"inLanguage":"es"}]}},"_links":{"self":[{"href":"https:\/\/clinecenters.org\/es\/wp-json\/wp\/v2\/pages\/1803","targetHints":{"allow":["GET"]}}],"collection":[{"href":"https:\/\/clinecenters.org\/es\/wp-json\/wp\/v2\/pages"}],"about":[{"href":"https:\/\/clinecenters.org\/es\/wp-json\/wp\/v2\/types\/page"}],"author":[{"embeddable":true,"href":"https:\/\/clinecenters.org\/es\/wp-json\/wp\/v2\/users\/1"}],"replies":[{"embeddable":true,"href":"https:\/\/clinecenters.org\/es\/wp-json\/wp\/v2\/comments?post=1803"}],"version-history":[{"count":2,"href":"https:\/\/clinecenters.org\/es\/wp-json\/wp\/v2\/pages\/1803\/revisions"}],"predecessor-version":[{"id":1897,"href":"https:\/\/clinecenters.org\/es\/wp-json\/wp\/v2\/pages\/1803\/revisions\/1897"}],"up":[{"embeddable":true,"href":"https:\/\/clinecenters.org\/es\/wp-json\/wp\/v2\/pages\/1769"}],"wp:featuredmedia":[{"embeddable":true,"href":"https:\/\/clinecenters.org\/es\/wp-json\/wp\/v2\/media\/2066"}],"wp:attachment":[{"href":"https:\/\/clinecenters.org\/es\/wp-json\/wp\/v2\/media?parent=1803"}],"curies":[{"name":"wp","href":"https:\/\/api.w.org\/{rel}","templated":true}]}}