{"id":1812,"date":"2023-03-21T11:51:17","date_gmt":"2023-03-21T11:51:17","guid":{"rendered":"https:\/\/clinecenters.org\/embarazo-no-planificado\/"},"modified":"2025-11-25T11:36:41","modified_gmt":"2025-11-25T11:36:41","slug":"embarazo-no-planificado","status":"publish","type":"page","link":"https:\/\/clinecenters.org\/es\/embarazo-no-planificado\/","title":{"rendered":"Embarazo no planificado"},"content":{"rendered":"\n<h2 class=\"wp-block-heading\">Obt\u00e9n las respuestas que necesitas<\/h2>\n\n<p>Un embarazo no planificado puede crear mucha incertidumbre sobre lo que viene despu\u00e9s. Si est\u00e1s considerando la posibilidad de abortar, puede parecerte que necesitas tomar una decisi\u00f3n inmediata. Antes de dar el siguiente paso, debes asegurarte de que tienes toda la informaci\u00f3n que necesitas sobre tu salud y tu embarazo para tomar decisiones con conocimiento de causa.  <\/p>\n\n<p>En el Centro Cline te ofrecemos servicios gratuitos y confidenciales para que puedas avanzar con confianza. No tienes por qu\u00e9 afrontar este momento sola. <\/p>\n\n<h2 class=\"wp-block-heading\">\u00bfPodr\u00edas estar embarazada?<\/h2>\n\n<p>En realidad, algunos <a href=\"https:\/\/www.mayoclinic.org\/healthy-lifestyle\/getting-pregnant\/in-depth\/symptoms-of-pregnancy\/art-20043853\" target=\"_blank\" rel=\"noreferrer noopener external\" data-wpel-link=\"external\">s\u00edntomas del embarazo<\/a> pueden deberse al estr\u00e9s, a cambios hormonales o a otros problemas de salud. Aunque la ausencia de menstruaci\u00f3n y las n\u00e1useas son signos iniciales comunes, tambi\u00e9n puedes experimentar:<\/p>\n\n<ul class=\"wp-block-list\">\n<li>Fatiga<\/li>\n\n\n\n<li>Pechos sensibles o hinchados<\/li>\n\n\n\n<li>Cambios de humor<\/li>\n\n\n\n<li>Aversiones alimentarias<\/li>\n\n\n\n<li>Calambres o hinchaz\u00f3n<\/li>\n\n\n\n<li>Micci\u00f3n frecuente<\/li>\n<\/ul>\n\n<p>Aunque ya te hayas hecho una prueba de embarazo casera, confirmar el resultado con <a href=\"https:\/\/clinecenters.org\/es\/servicios\/prueba-de-embarazo\/\" data-wpel-link=\"internal\">una prueba m\u00e9dica<\/a> es la mejor manera de estar segura. Ofrecemos este servicio gratuitamente en nuestro centro para que puedas obtener un resultado inicial de confianza.<\/p>\n\n<p>Si tu prueba da positivo en el centro, nuestros profesionales m\u00e9dicos titulados te har\u00e1n una <a href=\"https:\/\/clinecenters.org\/es\/servicios\/ecografias\/\" data-wpel-link=\"internal\">ecograf\u00eda<\/a> para comprobar cu\u00e1nto tiempo llevas de gestaci\u00f3n, si el embarazo se est\u00e1 desarrollando y tiene latido, y si est\u00e1 en el \u00fatero.  <\/p>\n\n<p>Esta informaci\u00f3n es esencial para obtener una imagen completa de tu embarazo. Una ecograf\u00eda tambi\u00e9n puede detectar ciertas complicaciones, como el embarazo ect\u00f3pico, que requieren atenci\u00f3n m\u00e9dica inmediata y no pueden resolverse mediante un aborto. <\/p>\n\n<h2 class=\"wp-block-heading\">Consultas gratuitas sobre el aborto<\/h2>\n\n<p>Si est\u00e1s pensando en abortar, un paso crucial que debes dar es tener una <a href=\"https:\/\/clinecenters.org\/es\/servicios\/consulta-privada-sobre-el-aborto\/\" type=\"page\" id=\"25\" data-wpel-link=\"internal\">consulta m\u00e9dica privada<\/a> en el Centro Cline. Recibir\u00e1s informaci\u00f3n exhaustiva sobre todas tus opciones, obtendr\u00e1s respuesta a tus preguntas y conocer\u00e1s los riesgos y efectos secundarios de los procedimientos abortivos.<\/p>\n\n<p>Tu salud y tu futuro son prioritarios; estamos aqu\u00ed para ser un recurso informativo imparcial.<\/p>\n\n<h2 class=\"wp-block-heading\">Informaci\u00f3n confidencial  <\/h2>\n\n<p>Enfrentarse a un embarazo no planificado nunca es f\u00e1cil, y el aborto es una decisi\u00f3n importante, tanto emocional como f\u00edsicamente. En el Centro Cline, escuchamos tus preocupaciones y te proporcionamos la atenci\u00f3n y la informaci\u00f3n que necesitas para tomar una decisi\u00f3n con confianza. <\/p>\n\n<p><a href=\"https:\/\/clinecenters.org\/es\/ponte-en-contacto-con\/\" data-wpel-link=\"internal\">Programa<\/a> hoy mismo tu cita gratuita para verificar tu embarazo y encontrar claridad.  <\/p>\n","protected":false},"excerpt":{"rendered":"<p>Obt\u00e9n las respuestas que necesitas Un embarazo no planificado puede crear mucha incertidumbre sobre lo que viene despu\u00e9s. Si est\u00e1s considerando la posibilidad de abortar, puede parecerte que necesitas tomar una decisi\u00f3n inmediata. Antes de dar el siguiente paso, debes asegurarte de que tienes toda la informaci\u00f3n que necesitas sobre tu salud y tu embarazo<\/p>\n","protected":false},"author":1,"featured_media":2053,"parent":0,"menu_order":0,"comment_status":"closed","ping_status":"closed","template":"","meta":{"_acf_changed":false,"footnotes":""},"class_list":["post-1812","page","type-page","status-publish","has-post-thumbnail","hentry"],"acf":[],"yoast_head":"<!-- This site is optimized with the Yoast SEO plugin v27.4 - https:\/\/yoast.com\/product\/yoast-seo-wordpress\/ -->\n<title>Apoyo a Embarazos No Planificados | Asesoramiento sobre Aborto | Jackson, MS<\/title>\n<meta name=\"description\" content=\"\u00bfTe enfrentas a un embarazo no planificado? Consigue pruebas gratuitas y confidenciales, ecograf\u00edas y consultas imparciales en el Centro Cline de Jackson, MS.\" \/>\n<meta name=\"robots\" content=\"index, follow, max-snippet:-1, max-image-preview:large, max-video-preview:-1\" \/>\n<link rel=\"canonical\" href=\"https:\/\/clinecenters.org\/es\/embarazo-no-planificado\/\" \/>\n<meta property=\"og:locale\" content=\"es_ES\" \/>\n<meta property=\"og:type\" content=\"article\" \/>\n<meta property=\"og:title\" content=\"Apoyo a Embarazos No Planificados | Asesoramiento sobre Aborto | Jackson, MS\" \/>\n<meta property=\"og:description\" content=\"\u00bfTe enfrentas a un embarazo no planificado? Consigue pruebas gratuitas y confidenciales, ecograf\u00edas y consultas imparciales en el Centro Cline de Jackson, MS.\" \/>\n<meta property=\"og:url\" content=\"https:\/\/clinecenters.org\/es\/embarazo-no-planificado\/\" \/>\n<meta property=\"og:site_name\" content=\"The Cline Center\" \/>\n<meta property=\"article:modified_time\" content=\"2025-11-25T11:36:41+00:00\" \/>\n<meta property=\"og:image\" content=\"https:\/\/clinecenters.org\/wp-content\/uploads\/2025\/11\/Untitled-design-4-copy-12.jpg\" \/>\n\t<meta property=\"og:image:width\" content=\"2000\" \/>\n\t<meta property=\"og:image:height\" content=\"1429\" \/>\n\t<meta property=\"og:image:type\" content=\"image\/jpeg\" \/>\n<meta name=\"twitter:card\" content=\"summary_large_image\" \/>\n<meta name=\"twitter:label1\" content=\"Tiempo de lectura\" \/>\n\t<meta name=\"twitter:data1\" content=\"2 minutos\" \/>\n<!-- \/ Yoast SEO plugin. -->","yoast_head_json":{"title":"Apoyo a Embarazos No Planificados | Asesoramiento sobre Aborto | Jackson, MS","description":"\u00bfTe enfrentas a un embarazo no planificado? Consigue pruebas gratuitas y confidenciales, ecograf\u00edas y consultas imparciales en el Centro Cline de Jackson, MS.","robots":{"index":"index","follow":"follow","max-snippet":"max-snippet:-1","max-image-preview":"max-image-preview:large","max-video-preview":"max-video-preview:-1"},"canonical":"https:\/\/clinecenters.org\/es\/embarazo-no-planificado\/","og_locale":"es_ES","og_type":"article","og_title":"Apoyo a Embarazos No Planificados | Asesoramiento sobre Aborto | Jackson, MS","og_description":"\u00bfTe enfrentas a un embarazo no planificado? Consigue pruebas gratuitas y confidenciales, ecograf\u00edas y consultas imparciales en el Centro Cline de Jackson, MS.","og_url":"https:\/\/clinecenters.org\/es\/embarazo-no-planificado\/","og_site_name":"The Cline Center","article_modified_time":"2025-11-25T11:36:41+00:00","og_image":[{"width":2000,"height":1429,"url":"https:\/\/clinecenters.org\/wp-content\/uploads\/2025\/11\/Untitled-design-4-copy-12.jpg","type":"image\/jpeg"}],"twitter_card":"summary_large_image","twitter_misc":{"Tiempo de lectura":"2 minutos"},"schema":{"@context":"https:\/\/schema.org","@graph":[{"@type":"WebPage","@id":"https:\/\/clinecenters.org\/es\/embarazo-no-planificado\/","url":"https:\/\/clinecenters.org\/es\/embarazo-no-planificado\/","name":"Apoyo a Embarazos No Planificados | Asesoramiento sobre Aborto | Jackson, MS","isPartOf":{"@id":"https:\/\/clinecenters.org\/es\/#website"},"primaryImageOfPage":{"@id":"https:\/\/clinecenters.org\/es\/embarazo-no-planificado\/#primaryimage"},"image":{"@id":"https:\/\/clinecenters.org\/es\/embarazo-no-planificado\/#primaryimage"},"thumbnailUrl":"https:\/\/clinecenters.org\/wp-content\/uploads\/2025\/11\/Untitled-design-4-copy-12.jpg","datePublished":"2023-03-21T11:51:17+00:00","dateModified":"2025-11-25T11:36:41+00:00","description":"\u00bfTe enfrentas a un embarazo no planificado? Consigue pruebas gratuitas y confidenciales, ecograf\u00edas y consultas imparciales en el Centro Cline de Jackson, MS.","breadcrumb":{"@id":"https:\/\/clinecenters.org\/es\/embarazo-no-planificado\/#breadcrumb"},"inLanguage":"es","potentialAction":[{"@type":"ReadAction","target":["https:\/\/clinecenters.org\/es\/embarazo-no-planificado\/"]}]},{"@type":"ImageObject","inLanguage":"es","@id":"https:\/\/clinecenters.org\/es\/embarazo-no-planificado\/#primaryimage","url":"https:\/\/clinecenters.org\/wp-content\/uploads\/2025\/11\/Untitled-design-4-copy-12.jpg","contentUrl":"https:\/\/clinecenters.org\/wp-content\/uploads\/2025\/11\/Untitled-design-4-copy-12.jpg","width":2000,"height":1429,"caption":"Pareja mirando un test de embarazo"},{"@type":"BreadcrumbList","@id":"https:\/\/clinecenters.org\/es\/embarazo-no-planificado\/#breadcrumb","itemListElement":[{"@type":"ListItem","position":1,"name":"Home","item":"https:\/\/clinecenters.org\/es\/inicio\/"},{"@type":"ListItem","position":2,"name":"Embarazo no planificado"}]},{"@type":"WebSite","@id":"https:\/\/clinecenters.org\/es\/#website","url":"https:\/\/clinecenters.org\/es\/","name":"The Cline Center","description":"","potentialAction":[{"@type":"SearchAction","target":{"@type":"EntryPoint","urlTemplate":"https:\/\/clinecenters.org\/es\/?s={search_term_string}"},"query-input":{"@type":"PropertyValueSpecification","valueRequired":true,"valueName":"search_term_string"}}],"inLanguage":"es"}]}},"_links":{"self":[{"href":"https:\/\/clinecenters.org\/es\/wp-json\/wp\/v2\/pages\/1812","targetHints":{"allow":["GET"]}}],"collection":[{"href":"https:\/\/clinecenters.org\/es\/wp-json\/wp\/v2\/pages"}],"about":[{"href":"https:\/\/clinecenters.org\/es\/wp-json\/wp\/v2\/types\/page"}],"author":[{"embeddable":true,"href":"https:\/\/clinecenters.org\/es\/wp-json\/wp\/v2\/users\/1"}],"replies":[{"embeddable":true,"href":"https:\/\/clinecenters.org\/es\/wp-json\/wp\/v2\/comments?post=1812"}],"version-history":[{"count":4,"href":"https:\/\/clinecenters.org\/es\/wp-json\/wp\/v2\/pages\/1812\/revisions"}],"predecessor-version":[{"id":2135,"href":"https:\/\/clinecenters.org\/es\/wp-json\/wp\/v2\/pages\/1812\/revisions\/2135"}],"wp:featuredmedia":[{"embeddable":true,"href":"https:\/\/clinecenters.org\/es\/wp-json\/wp\/v2\/media\/2053"}],"wp:attachment":[{"href":"https:\/\/clinecenters.org\/es\/wp-json\/wp\/v2\/media?parent=1812"}],"curies":[{"name":"wp","href":"https:\/\/api.w.org\/{rel}","templated":true}]}}