{"id":1822,"date":"2025-09-04T05:59:47","date_gmt":"2025-09-04T05:59:47","guid":{"rendered":"https:\/\/clinecenters.org\/servicios\/programas-de-educacion-y-apoyo\/"},"modified":"2025-11-25T11:36:42","modified_gmt":"2025-11-25T11:36:42","slug":"programas-de-educacion-y-apoyo","status":"publish","type":"page","link":"https:\/\/clinecenters.org\/es\/servicios\/programas-de-educacion-y-apoyo\/","title":{"rendered":"Programas de Educaci\u00f3n y Apoyo"},"content":{"rendered":"\n<h2 class=\"wp-block-heading\">No est\u00e1s solo<\/h2>\n\n<p>Cada mujer y cada hombre que entra por nuestras puertas trae consigo preguntas, retos y circunstancias diferentes. En el Centro Cline ofrecemos varios <strong>programas gratuitos de educaci\u00f3n y apoyo<\/strong> dise\u00f1ados para ayudarte a sentirte m\u00e1s segura y ponerte en contacto con recursos tanto para tus necesidades inmediatas como para tus objetivos a largo plazo. <\/p>\n\n<p>Algunos de nuestros servicios gratuitos se prestan in situ, mientras que otros est\u00e1n disponibles a trav\u00e9s de derivaciones a socios comunitarios.<\/p>\n\n<h2 class=\"wp-block-heading\">Apoyo m\u00e9dico y emocional<\/h2>\n\n<ul class=\"wp-block-list\">\n<li><strong>Consultas<\/strong>: Nuestras <a href=\"https:\/\/clinecenters.org\/es\/servicios\/consulta-privada-sobre-el-aborto\/\" data-wpel-link=\"internal\">consultas m\u00e9dicas privadas<\/a> te permiten hablar de tus preguntas y preocupaciones en un espacio confidencial.  <\/li>\n\n\n\n<li><strong>Confirmaci\u00f3n del embarazo<\/strong>: Para quienes se plantean abortar, verificar los detalles clave del embarazo mediante <a href=\"https:\/\/clinecenters.org\/es\/servicios\/prueba-de-embarazo\/\" data-wpel-link=\"internal\">pruebas<\/a> y <a href=\"https:\/\/clinecenters.org\/es\/servicios\/ecografias\/\" data-wpel-link=\"internal\">ecograf\u00edas<\/a> es un primer paso esencial.<\/li>\n\n\n\n<li><strong>Reversi\u00f3n de la p\u00edldora abortiva (IPA)<\/strong>: Si has tomado mifepristona, el primer f\u00e1rmaco de un aborto m\u00e9dico, y deseas continuar tu embarazo, nuestro Director M\u00e9dico puede recetarte progesterona para ofrecerte una oportunidad de continuar tu embarazo.<\/li>\n\n\n\n<li><strong>Apoyo despu\u00e9s de un aborto<\/strong>: Si has sufrido un aborto, te ofrecemos apoyo compasivo para ayudarte a procesar tus emociones y empezar a sanar.<\/li>\n<\/ul>\n\n<h2 class=\"wp-block-heading\">Educaci\u00f3n y oportunidades de crecimiento<\/h2>\n\n<ul class=\"wp-block-list\">\n<li><strong>Clases de Crianza y Habilidades para la Vida<\/strong>: Educaci\u00f3n para mujeres y hombres con el fin de reforzar las habilidades parentales, prepararse para el futuro y ganar confianza en las habilidades cotidianas.<\/li>\n\n\n\n<li><strong>Apoyo especializado para hombres<\/strong>: Existen programas espec\u00edficos para animar y equipar a los hombres en sus decisiones sobre el embarazo, la paternidad o el crecimiento personal.<\/li>\n\n\n\n<li><strong>Asesoramiento profesional<\/strong>: Contamos con un consejero licenciado en plantilla para proporcionar apoyo en salud mental.<\/li>\n\n\n\n<li><strong>Servicios de telesalud<\/strong>: Algunos servicios est\u00e1n disponibles virtualmente, lo que te permite conectar con nosotros desde la comodidad de tu casa.<\/li>\n<\/ul>\n\n<h2 class=\"wp-block-heading\">Recursos pr\u00e1cticos<\/h2>\n\n<ul class=\"wp-block-list\">\n<li><strong>Boutique de Ayuda Material<\/strong>: Nuestra boutique in situ ofrece a las clientas acceso a art\u00edculos de maternidad, art\u00edculos para beb\u00e9s y otros art\u00edculos esenciales.<\/li>\n\n\n\n<li><strong>Derivaciones comunitarias<\/strong>: Te pondremos en contacto con organizaciones locales de confianza para necesidades adicionales, como la inscripci\u00f3n en Medicaid, ayuda para la vivienda o apoyo especializado.<\/li>\n<\/ul>\n\n<h2 class=\"wp-block-heading\">Estamos aqu\u00ed para ti<\/h2>\n\n<p>En el Centro Cline, nuestros programas de educaci\u00f3n y apoyo proporcionan \u00e1nimo, informaci\u00f3n precisa y recursos pr\u00e1cticos en un entorno seguro y confidencial. Estamos aqu\u00ed para acompa\u00f1arte, tengas las preguntas que tengas o te enfrentes a lo que te enfrentes. <\/p>\n\n<p><a href=\"https:\/\/clinecenters.org\/es\/ponte-en-contacto-con\/\" data-wpel-link=\"internal\">Concierta<\/a> hoy mismo una cita gratuita para saber m\u00e1s sobre los programas y recursos que tienes a tu disposici\u00f3n.<\/p>\n","protected":false},"excerpt":{"rendered":"<p>Inf\u00f3rmate sobre c\u00f3mo podemos ofrecerte apoyo adicional adaptado a tus necesidades espec\u00edficas.<\/p>\n","protected":false},"author":1,"featured_media":2044,"parent":1769,"menu_order":4,"comment_status":"closed","ping_status":"closed","template":"","meta":{"_acf_changed":false,"footnotes":""},"class_list":["post-1822","page","type-page","status-publish","has-post-thumbnail","hentry"],"acf":[],"yoast_head":"<!-- This site is optimized with the Yoast SEO plugin v27.4 - https:\/\/yoast.com\/product\/yoast-seo-wordpress\/ -->\n<title>Programas de Educaci\u00f3n y Apoyo | The Cline Center | Jackson, MS<\/title>\n<meta name=\"description\" content=\"Programas de Educaci\u00f3n y Apoyo. The Cline Center ofrece servicios gratuitos de embarazo, consultas y recursos para explorar todas tus opciones. Ponte en contacto con nosotros ahora.\" \/>\n<meta name=\"robots\" content=\"index, follow, max-snippet:-1, max-image-preview:large, max-video-preview:-1\" \/>\n<link rel=\"canonical\" href=\"https:\/\/clinecenters.org\/es\/servicios\/programas-de-educacion-y-apoyo\/\" \/>\n<meta property=\"og:locale\" content=\"es_ES\" \/>\n<meta property=\"og:type\" content=\"article\" \/>\n<meta property=\"og:title\" content=\"Programas de Educaci\u00f3n y Apoyo | The Cline Center | Jackson, MS\" \/>\n<meta property=\"og:description\" content=\"Programas de Educaci\u00f3n y Apoyo. The Cline Center ofrece servicios gratuitos de embarazo, consultas y recursos para explorar todas tus opciones. Ponte en contacto con nosotros ahora.\" \/>\n<meta property=\"og:url\" content=\"https:\/\/clinecenters.org\/es\/servicios\/programas-de-educacion-y-apoyo\/\" \/>\n<meta property=\"og:site_name\" content=\"The Cline Center\" \/>\n<meta property=\"article:modified_time\" content=\"2025-11-25T11:36:42+00:00\" \/>\n<meta property=\"og:image\" content=\"https:\/\/clinecenters.org\/wp-content\/uploads\/2025\/11\/Untitled-design-4-copy-10-e1762983010332.jpg\" \/>\n\t<meta property=\"og:image:width\" content=\"2000\" \/>\n\t<meta property=\"og:image:height\" content=\"1429\" \/>\n\t<meta property=\"og:image:type\" content=\"image\/jpeg\" \/>\n<meta name=\"twitter:card\" content=\"summary_large_image\" \/>\n<meta name=\"twitter:label1\" content=\"Tiempo de lectura\" \/>\n\t<meta name=\"twitter:data1\" content=\"2 minutos\" \/>\n<!-- \/ Yoast SEO plugin. -->","yoast_head_json":{"title":"Programas de Educaci\u00f3n y Apoyo | The Cline Center | Jackson, MS","description":"Programas de Educaci\u00f3n y Apoyo. The Cline Center ofrece servicios gratuitos de embarazo, consultas y recursos para explorar todas tus opciones. Ponte en contacto con nosotros ahora.","robots":{"index":"index","follow":"follow","max-snippet":"max-snippet:-1","max-image-preview":"max-image-preview:large","max-video-preview":"max-video-preview:-1"},"canonical":"https:\/\/clinecenters.org\/es\/servicios\/programas-de-educacion-y-apoyo\/","og_locale":"es_ES","og_type":"article","og_title":"Programas de Educaci\u00f3n y Apoyo | The Cline Center | Jackson, MS","og_description":"Programas de Educaci\u00f3n y Apoyo. The Cline Center ofrece servicios gratuitos de embarazo, consultas y recursos para explorar todas tus opciones. Ponte en contacto con nosotros ahora.","og_url":"https:\/\/clinecenters.org\/es\/servicios\/programas-de-educacion-y-apoyo\/","og_site_name":"The Cline Center","article_modified_time":"2025-11-25T11:36:42+00:00","og_image":[{"width":2000,"height":1429,"url":"https:\/\/clinecenters.org\/wp-content\/uploads\/2025\/11\/Untitled-design-4-copy-10-e1762983010332.jpg","type":"image\/jpeg"}],"twitter_card":"summary_large_image","twitter_misc":{"Tiempo de lectura":"2 minutos"},"schema":{"@context":"https:\/\/schema.org","@graph":[{"@type":"WebPage","@id":"https:\/\/clinecenters.org\/es\/servicios\/programas-de-educacion-y-apoyo\/","url":"https:\/\/clinecenters.org\/es\/servicios\/programas-de-educacion-y-apoyo\/","name":"Programas de Educaci\u00f3n y Apoyo | The Cline Center | Jackson, MS","isPartOf":{"@id":"https:\/\/clinecenters.org\/es\/#website"},"primaryImageOfPage":{"@id":"https:\/\/clinecenters.org\/es\/servicios\/programas-de-educacion-y-apoyo\/#primaryimage"},"image":{"@id":"https:\/\/clinecenters.org\/es\/servicios\/programas-de-educacion-y-apoyo\/#primaryimage"},"thumbnailUrl":"https:\/\/clinecenters.org\/wp-content\/uploads\/2025\/11\/Untitled-design-4-copy-10-e1762983010332.jpg","datePublished":"2025-09-04T05:59:47+00:00","dateModified":"2025-11-25T11:36:42+00:00","description":"Programas de Educaci\u00f3n y Apoyo. The Cline Center ofrece servicios gratuitos de embarazo, consultas y recursos para explorar todas tus opciones. Ponte en contacto con nosotros ahora.","breadcrumb":{"@id":"https:\/\/clinecenters.org\/es\/servicios\/programas-de-educacion-y-apoyo\/#breadcrumb"},"inLanguage":"es","potentialAction":[{"@type":"ReadAction","target":["https:\/\/clinecenters.org\/es\/servicios\/programas-de-educacion-y-apoyo\/"]}]},{"@type":"ImageObject","inLanguage":"es","@id":"https:\/\/clinecenters.org\/es\/servicios\/programas-de-educacion-y-apoyo\/#primaryimage","url":"https:\/\/clinecenters.org\/wp-content\/uploads\/2025\/11\/Untitled-design-4-copy-10-e1762983010332.jpg","contentUrl":"https:\/\/clinecenters.org\/wp-content\/uploads\/2025\/11\/Untitled-design-4-copy-10-e1762983010332.jpg","width":2000,"height":1429},{"@type":"BreadcrumbList","@id":"https:\/\/clinecenters.org\/es\/servicios\/programas-de-educacion-y-apoyo\/#breadcrumb","itemListElement":[{"@type":"ListItem","position":1,"name":"Home","item":"https:\/\/clinecenters.org\/es\/inicio\/"},{"@type":"ListItem","position":2,"name":"Servicios","item":"https:\/\/clinecenters.org\/es\/servicios\/"},{"@type":"ListItem","position":3,"name":"Programas de Educaci\u00f3n y Apoyo"}]},{"@type":"WebSite","@id":"https:\/\/clinecenters.org\/es\/#website","url":"https:\/\/clinecenters.org\/es\/","name":"The Cline Center","description":"","potentialAction":[{"@type":"SearchAction","target":{"@type":"EntryPoint","urlTemplate":"https:\/\/clinecenters.org\/es\/?s={search_term_string}"},"query-input":{"@type":"PropertyValueSpecification","valueRequired":true,"valueName":"search_term_string"}}],"inLanguage":"es"}]}},"_links":{"self":[{"href":"https:\/\/clinecenters.org\/es\/wp-json\/wp\/v2\/pages\/1822","targetHints":{"allow":["GET"]}}],"collection":[{"href":"https:\/\/clinecenters.org\/es\/wp-json\/wp\/v2\/pages"}],"about":[{"href":"https:\/\/clinecenters.org\/es\/wp-json\/wp\/v2\/types\/page"}],"author":[{"embeddable":true,"href":"https:\/\/clinecenters.org\/es\/wp-json\/wp\/v2\/users\/1"}],"replies":[{"embeddable":true,"href":"https:\/\/clinecenters.org\/es\/wp-json\/wp\/v2\/comments?post=1822"}],"version-history":[{"count":3,"href":"https:\/\/clinecenters.org\/es\/wp-json\/wp\/v2\/pages\/1822\/revisions"}],"predecessor-version":[{"id":2136,"href":"https:\/\/clinecenters.org\/es\/wp-json\/wp\/v2\/pages\/1822\/revisions\/2136"}],"up":[{"embeddable":true,"href":"https:\/\/clinecenters.org\/es\/wp-json\/wp\/v2\/pages\/1769"}],"wp:featuredmedia":[{"embeddable":true,"href":"https:\/\/clinecenters.org\/es\/wp-json\/wp\/v2\/media\/2044"}],"wp:attachment":[{"href":"https:\/\/clinecenters.org\/es\/wp-json\/wp\/v2\/media?parent=1822"}],"curies":[{"name":"wp","href":"https:\/\/api.w.org\/{rel}","templated":true}]}}